{"id":1259,"date":"2025-10-30T13:43:25","date_gmt":"2025-10-30T12:43:25","guid":{"rendered":"https:\/\/inulinu.com\/?page_id=1259"},"modified":"2025-10-30T14:34:47","modified_gmt":"2025-10-30T13:34:47","slug":"palyazat","status":"publish","type":"page","link":"https:\/\/inulinu.com\/en\/palyazat\/","title":{"rendered":"palyazat"},"content":{"rendered":"<div data-elementor-type=\"wp-page\" data-elementor-id=\"1259\" class=\"elementor elementor-1259\" data-elementor-post-type=\"page\">\n\t\t\t\t\t\t<section class=\"elementor-section elementor-top-section elementor-element elementor-element-b8712e1 elementor-section-boxed elementor-section-height-default elementor-section-height-default\" data-id=\"b8712e1\" data-element_type=\"section\" data-e-type=\"section\">\n\t\t\t\t\t\t<div class=\"elementor-container elementor-column-gap-default\">\n\t\t\t\t\t<div class=\"elementor-column elementor-col-100 elementor-top-column elementor-element elementor-element-dba973d\" data-id=\"dba973d\" data-element_type=\"column\" data-e-type=\"column\">\n\t\t\t<div class=\"elementor-widget-wrap elementor-element-populated\">\n\t\t\t\t\t\t<div class=\"elementor-element elementor-element-4034ce4 elementor-widget elementor-widget-heading\" data-id=\"4034ce4\" data-element_type=\"widget\" data-e-type=\"widget\" data-widget_type=\"heading.default\">\n\t\t\t\t<div class=\"elementor-widget-container\">\n\t\t\t\t\t<h2 class=\"elementor-heading-title elementor-size-default\">PROJEKTINFORM\u00c1CI\u00d3K<\/h2>\t\t\t\t<\/div>\n\t\t\t\t<\/div>\n\t\t\t\t<div class=\"elementor-element elementor-element-59323b8 elementor-widget elementor-widget-heading\" data-id=\"59323b8\" data-element_type=\"widget\" data-e-type=\"widget\" data-widget_type=\"heading.default\">\n\t\t\t\t<div class=\"elementor-widget-container\">\n\t\t\t\t\t<h2 class=\"elementor-heading-title elementor-size-default\">GINOP-1.2.9-20-2021-04959<\/h2>\t\t\t\t<\/div>\n\t\t\t\t<\/div>\n\t\t\t\t<div class=\"elementor-element elementor-element-3312025 elementor-widget elementor-widget-image\" data-id=\"3312025\" data-element_type=\"widget\" data-e-type=\"widget\" data-widget_type=\"image.default\">\n\t\t\t\t<div class=\"elementor-widget-container\">\n\t\t\t\t\t\t\t\t\t\t\t\t\t\t\t<img fetchpriority=\"high\" decoding=\"async\" width=\"300\" height=\"207\" src=\"https:\/\/inulinu.com\/wp-content\/uploads\/2025\/10\/infoblokk_honlapra-300x207.jpg\" class=\"attachment-medium size-medium wp-image-1261\" alt=\"\" srcset=\"https:\/\/inulinu.com\/wp-content\/uploads\/2025\/10\/infoblokk_honlapra-300x207.jpg 300w, https:\/\/inulinu.com\/wp-content\/uploads\/2025\/10\/infoblokk_honlapra-1024x708.jpg 1024w, https:\/\/inulinu.com\/wp-content\/uploads\/2025\/10\/infoblokk_honlapra-768x531.jpg 768w, https:\/\/inulinu.com\/wp-content\/uploads\/2025\/10\/infoblokk_honlapra-18x12.jpg 18w, https:\/\/inulinu.com\/wp-content\/uploads\/2025\/10\/infoblokk_honlapra.jpg 1453w\" sizes=\"(max-width: 300px) 100vw, 300px\" \/>\t\t\t\t\t\t\t\t\t\t\t\t\t\t\t<\/div>\n\t\t\t\t<\/div>\n\t\t\t\t<div class=\"elementor-element elementor-element-f8754f2 elementor-widget elementor-widget-text-editor\" data-id=\"f8754f2\" data-element_type=\"widget\" data-e-type=\"widget\" data-widget_type=\"text-editor.default\">\n\t\t\t\t<div class=\"elementor-widget-container\">\n\t\t\t\t\t\t\t\t\t<p><strong>A kedvezm\u00e9nyezett neve: <\/strong>Inulinu Kereskedelmi \u00e9s Szolg\u00e1ltat\u00f3 Korl\u00e1tolt Felel\u0151ss\u00e9g\u0171 T\u00e1rsas\u00e1g<\/p><p><strong>A projekt c\u00edme: <\/strong>Az Inulinu Kft. fejleszt\u00e9si p\u00e1ly\u00e1zata<\/p><p><strong>Projekt teljes k\u00f6lts\u00e9ge:<\/strong> 14 560\u00a0740 Ft<\/p><p><strong>A t\u00e1mogat\u00e1s \u00f6sszege: <\/strong>10 000\u00a0000 Ft<\/p><p><strong>A t\u00e1mogat\u00e1s m\u00e9rt\u00e9ke<\/strong>: 70 %<\/p><p><strong>A projekt tervezett befejez\u00e9si d\u00e1tuma: <\/strong>2023.01.31.<\/p><p><strong>A projekt azonos\u00edt\u00f3 sz\u00e1ma: <\/strong>GINOP-1.2.9-20-2021-04959<\/p><p>A projekt tartalm\u00e1nak bemutat\u00e1sa:<br \/>A projekt keret\u00e9ben megval\u00f3sul\u00f3 fejleszt\u00e9si koncepci\u00f3nk a b\u00e9rk\u00f6lts\u00e9g t\u00e1mogat\u00e1s ig\u00e9nybev\u00e9tele mellett k\u00e9t anyagmozgat\u00f3 eszk\u00f6z beszerz\u00e9s\u00e9b\u0151l tev\u0151dik \u00f6ssze. A beruh\u00e1z\u00e1s keret\u00e9ben 1 db HC CYPD25-XH3F t\u00edpus\u00fa, g\u00e1z \u00fczem\u0171 targonc\u00e1val \u00e9s 1 db HC CDD12-AMC1-L elektromos \u00fczem\u0171, gyalogk\u00eds\u00e9ret\u0171 targonc\u00e1val b\u0151v\u00fcl az eszk\u00f6zparkunk. A fejleszt\u00e9s lehet\u0151v\u00e9 teszi c\u00e9lunk hossz\u00fa t\u00e1v\u00fa terveinek megval\u00f3s\u00edt\u00e1s\u00e1t. A magas sz\u00ednvonal\u00fa \u00e9s nagy volumen\u0171 kereskedelem felv\u00e9teleinek megteremt\u00e9s\u00e9vel \u00e9s az elvalut k\u00e9zi raklapemel\u0151ink lecser\u00e9l\u00e9s\u00e9vel minden felt\u00e9tel adott lesz a kereskedelmi tev\u00e9kenys\u00e9g\u00fcnk fejleszt\u00e9s\u00e9hez. A modern eszk\u00f6z\u00f6k seg\u00edts\u00e9g\u00e9vel, hat\u00e9konyan tudjuk v\u00e9gezni a mindennapi feladatainkat, r\u00e1ad\u00e1sul az \u00faj g\u00e9pek alacsonyabb szervizel\u00e9si \u00e9s karbantart\u00e1si k\u00f6lts\u00e9ge is jelent\u0151s k\u00f6lts\u00e9gmegtakar\u00edt\u00e1st jelent c\u00e9g\u00fcnknek. Mindezek mellett a projekt g\u00f6rd\u00fcl\u00e9keny megval\u00f3s\u00edt\u00e1sa \u00e9s a c\u00e9g\u00fcnkre nehezed\u0151 terhek cs\u00f6kkent\u00e9se \u00e9rdek\u00e9ben 1 f\u0151 (szakmai megval\u00f3s\u00edt\u00e1sban r\u00e9sztvev\u0151) munkav\u00e1llal\u00f3nk b\u00e9rk\u00f6lts\u00e9g\u00e9t is el k\u00edv\u00e1njuk sz\u00e1molni a p\u00e1ly\u00e1zat keret\u00e9ben. A projekt megval\u00f3s\u00edt\u00e1s\u00e1val eredm\u00e9nyesebb gazd\u00e1lkod\u00e1sra sz\u00e1m\u00edtunk, \u00edgy hossz\u00fat\u00e1v\u00fa lehet\u0151s\u00e9get tudunk biztos\u00edtani jelenlegi \u00e9s j\u00f6v\u0151beni alkalmazottaink foglalkoztat\u00e1s\u00e1ra. A p\u00e1ly\u00e1zat keret\u00e9ben megval\u00f3sul\u00f3 beruh\u00e1z\u00e1sok minden ig\u00e9ny\u00fcnket kiel\u00e9g\u00edtik, \u00edgy seg\u00edts\u00e9g\u00fckkel hat\u00e9konyabban v\u00e9gezhetj\u00fck munk\u00e1nkat, t\u00f6bb \u00fcgyfelet szolg\u00e1lhatunk ki, nagyobb \u00e1rbev\u00e9telt realiz\u00e1lhatunk. A j\u00e1rv\u00e1ny okozta gazd\u00e1lkod\u00e1si neh\u00e9zs\u00e9gekb\u0151l val\u00f3 kil\u00e1bal\u00e1shoz ez elengedhetetlen. C\u00e9g\u00fcnk j\u00f3l bej\u00e1ratott \u00e9rt\u00e9kes\u00edt\u00e9si csatorn\u00e1it, kapcsolatrendszer\u00e9t felhaszn\u00e1lva megalapozottan mondhatja, hogy t\u00e9nyleges \u00e9s l\u00e9tez\u0151 piaci ig\u00e9nyekre alapozva d\u00f6nt\u00f6tt a beruh\u00e1z\u00e1s mellett.<\/p>\t\t\t\t\t\t\t\t<\/div>\n\t\t\t\t<\/div>\n\t\t\t\t\t<\/div>\n\t\t<\/div>\n\t\t\t\t\t<\/div>\n\t\t<\/section>\n\t\t<div class=\"elementor-element elementor-element-a95de5e e-flex e-con-boxed e-con e-parent\" data-id=\"a95de5e\" data-element_type=\"container\" data-e-type=\"container\">\n\t\t\t\t\t<div class=\"e-con-inner\">\n\t\t\t\t<div class=\"elementor-element elementor-element-3e04a19 elementor-widget elementor-widget-text-editor\" data-id=\"3e04a19\" data-element_type=\"widget\" data-e-type=\"widget\" data-widget_type=\"text-editor.default\">\n\t\t\t\t<div class=\"elementor-widget-container\">\n\t\t\t\t\t\t\t\t\t<p>Lorem ipsum dolor sit amet, consectetur adipiscing elit. Ut elit tellus, luctus nec ullamcorper mattis, pulvinar dapibus leo.<\/p>\t\t\t\t\t\t\t\t<\/div>\n\t\t\t\t<\/div>\n\t\t\t\t\t<\/div>\n\t\t\t\t<\/div>\n\t\t\t\t<\/div>","protected":false},"excerpt":{"rendered":"<p>PROJEKTINFORM\u00c1CI\u00d3K GINOP-1.2.9-20-2021-04959 A kedvezm\u00e9nyezett neve: Inulinu Kereskedelmi \u00e9s Szolg\u00e1ltat\u00f3 Korl\u00e1tolt Felel\u0151ss\u00e9g\u0171 T\u00e1rsas\u00e1g A projekt c\u00edme: Az Inulinu Kft. fejleszt\u00e9si p\u00e1ly\u00e1zata Projekt teljes k\u00f6lts\u00e9ge: 14 560\u00a0740 Ft A t\u00e1mogat\u00e1s \u00f6sszege: 10 000\u00a0000 Ft A t\u00e1mogat\u00e1s m\u00e9rt\u00e9ke: 70 % A projekt tervezett befejez\u00e9si d\u00e1tuma: 2023.01.31. A projekt azonos\u00edt\u00f3 sz\u00e1ma: GINOP-1.2.9-20-2021-04959 A projekt tartalm\u00e1nak bemutat\u00e1sa:A projekt keret\u00e9ben megval\u00f3sul\u00f3 [&hellip;]<\/p>\n","protected":false},"author":4,"featured_media":0,"parent":0,"menu_order":0,"comment_status":"closed","ping_status":"closed","template":"elementor_header_footer","meta":{"footnotes":""},"class_list":["post-1259","page","type-page","status-publish","hentry"],"_links":{"self":[{"href":"https:\/\/inulinu.com\/en\/wp-json\/wp\/v2\/pages\/1259","targetHints":{"allow":["GET"]}}],"collection":[{"href":"https:\/\/inulinu.com\/en\/wp-json\/wp\/v2\/pages"}],"about":[{"href":"https:\/\/inulinu.com\/en\/wp-json\/wp\/v2\/types\/page"}],"author":[{"embeddable":true,"href":"https:\/\/inulinu.com\/en\/wp-json\/wp\/v2\/users\/4"}],"replies":[{"embeddable":true,"href":"https:\/\/inulinu.com\/en\/wp-json\/wp\/v2\/comments?post=1259"}],"version-history":[{"count":16,"href":"https:\/\/inulinu.com\/en\/wp-json\/wp\/v2\/pages\/1259\/revisions"}],"predecessor-version":[{"id":1280,"href":"https:\/\/inulinu.com\/en\/wp-json\/wp\/v2\/pages\/1259\/revisions\/1280"}],"wp:attachment":[{"href":"https:\/\/inulinu.com\/en\/wp-json\/wp\/v2\/media?parent=1259"}],"curies":[{"name":"wp","href":"https:\/\/api.w.org\/{rel}","templated":true}]}}