{"id":3,"date":"2023-04-14T12:59:39","date_gmt":"2023-04-14T12:59:39","guid":{"rendered":"http:\/\/inulinu.com\/?page_id=3"},"modified":"2025-11-05T14:02:10","modified_gmt":"2025-11-05T13:02:10","slug":"privacy-policy","status":"publish","type":"page","link":"https:\/\/inulinu.com\/en\/privacy-policy\/","title":{"rendered":"Privacy Policy"},"content":{"rendered":"<div data-elementor-type=\"wp-page\" data-elementor-id=\"3\" class=\"elementor elementor-3\" data-elementor-post-type=\"page\">\n\t\t\t\t\t\t<section class=\"elementor-section elementor-top-section elementor-element elementor-element-11aa575a elementor-section-boxed elementor-section-height-default elementor-section-height-default\" data-id=\"11aa575a\" data-element_type=\"section\" data-e-type=\"section\">\n\t\t\t\t\t\t<div class=\"elementor-container elementor-column-gap-default\">\n\t\t\t\t\t<div class=\"elementor-column elementor-col-100 elementor-top-column elementor-element elementor-element-67a2d4da\" data-id=\"67a2d4da\" data-element_type=\"column\" data-e-type=\"column\">\n\t\t\t<div class=\"elementor-widget-wrap elementor-element-populated\">\n\t\t\t\t\t\t\t<\/div>\n\t\t<\/div>\n\t\t\t\t\t<\/div>\n\t\t<\/section>\n\t\t<div class=\"elementor-element elementor-element-0c42fab e-flex e-con-boxed e-con e-parent\" data-id=\"0c42fab\" data-element_type=\"container\" data-e-type=\"container\">\n\t\t\t\t\t<div class=\"e-con-inner\">\n\t\t\t\t<div class=\"elementor-element elementor-element-acf6461 elementor-widget elementor-widget-spacer\" data-id=\"acf6461\" data-element_type=\"widget\" data-e-type=\"widget\" data-widget_type=\"spacer.default\">\n\t\t\t\t<div class=\"elementor-widget-container\">\n\t\t\t\t\t\t\t<div class=\"elementor-spacer\">\n\t\t\t<div class=\"elementor-spacer-inner\"><\/div>\n\t\t<\/div>\n\t\t\t\t\t\t<\/div>\n\t\t\t\t<\/div>\n\t\t\t\t<div class=\"elementor-element elementor-element-4a690c7 elementor-widget elementor-widget-heading\" data-id=\"4a690c7\" data-element_type=\"widget\" data-e-type=\"widget\" data-widget_type=\"heading.default\">\n\t\t\t\t<div class=\"elementor-widget-container\">\n\t\t\t\t\t<h2 class=\"elementor-heading-title elementor-size-default\">Privacy Policy<\/h2>\t\t\t\t<\/div>\n\t\t\t\t<\/div>\n\t\t\t\t\t<\/div>\n\t\t\t\t<\/div>\n\t\t<div class=\"elementor-element elementor-element-8d4d761 e-flex e-con-boxed e-con e-parent\" data-id=\"8d4d761\" data-element_type=\"container\" data-e-type=\"container\">\n\t\t\t\t\t<div class=\"e-con-inner\">\n\t\t\t\t<div class=\"elementor-element elementor-element-13e80d3 elementor-widget elementor-widget-text-editor\" data-id=\"13e80d3\" data-element_type=\"widget\" data-e-type=\"widget\" data-widget_type=\"text-editor.default\">\n\t\t\t\t<div class=\"elementor-widget-container\">\n\t\t\t\t\t\t\t\t\t<p>Adatv\u00e9delmi ir\u00e1nyelvek <br \/>Utols\u00f3 friss\u00edt\u00e9s: 28-Jun-2023 <br \/>Hat\u00e1lyos d\u00e1tum 28-Jun-2023<\/p><p>Jelen Adatv\u00e9delmi szab\u00e1lyzat az INULINU Kft., Kisk\u0151r\u00f6s, Szendrey J\u00falia u. 3\/1., Budapest 6200, Magyarorsz\u00e1g, e-mail: pr@inulinu.com, telefon: +3678513925 az \u00d6n weboldalunk ( https:\/\/inulinu.com\/ ) haszn\u00e1lata sor\u00e1n gy\u0171jt\u00f6tt adatainak gy\u0171jt\u00e9s\u00e9re, felhaszn\u00e1l\u00e1s\u00e1ra \u00e9s k\u00f6zz\u00e9t\u00e9tel\u00e9re vonatkoz\u00f3an. (a &#8222;Szolg\u00e1ltat\u00e1s&#8221;). A Szolg\u00e1ltat\u00e1shoz val\u00f3 hozz\u00e1f\u00e9r\u00e9ssel vagy annak haszn\u00e1lat\u00e1val \u00d6n beleegyez\u00e9s\u00e9t adja az \u00d6n adatainak a jelen Adatv\u00e9delmi Szab\u00e1lyzatnak megfelel\u0151 gy\u0171jt\u00e9s\u00e9hez, felhaszn\u00e1l\u00e1s\u00e1hoz \u00e9s k\u00f6zz\u00e9t\u00e9tel\u00e9hez. Ha nem j\u00e1rul hozz\u00e1, k\u00e9rj\u00fck, ne l\u00e9pjen be a Szolg\u00e1ltat\u00e1sba \u00e9s ne haszn\u00e1lja azt. <br \/>A jelen Adatv\u00e9delmi szab\u00e1lyzatot b\u00e1rmikor, az \u00d6n el\u0151zetes \u00e9rtes\u00edt\u00e9se n\u00e9lk\u00fcl m\u00f3dos\u00edthatjuk, \u00e9s a m\u00f3dos\u00edtott Adatv\u00e9delmi szab\u00e1lyzatot k\u00f6zz\u00e9tessz\u00fck a Szolg\u00e1ltat\u00e1son. A m\u00f3dos\u00edtott Szab\u00e1lyzat a m\u00f3dos\u00edtott Szab\u00e1lyzatnak a Szolg\u00e1ltat\u00e1sban val\u00f3 k\u00f6zz\u00e9t\u00e9tel\u00e9t\u0151l sz\u00e1m\u00edtott 180 nap eltelt\u00e9vel l\u00e9p hat\u00e1lyba, \u00e9s a Szolg\u00e1ltat\u00e1shoz val\u00f3 tov\u00e1bbi hozz\u00e1f\u00e9r\u00e9se vagy haszn\u00e1lata ezen id\u0151pontot k\u00f6vet\u0151en a m\u00f3dos\u00edtott Adatv\u00e9delmi Szab\u00e1lyzat elfogad\u00e1s\u00e1nak min\u0151s\u00fcl. Ez\u00e9rt javasoljuk, hogy rendszeresen tekintse \u00e1t ezt az oldalt.<\/p><p>Az \u00d6n jogai: <br \/>Az alkalmazand\u00f3 jogt\u00f3l f\u00fcgg\u0151en joga lehet a szem\u00e9lyes adataihoz val\u00f3 hozz\u00e1f\u00e9r\u00e9shez, azok helyesb\u00edt\u00e9s\u00e9hez vagy t\u00f6rl\u00e9s\u00e9hez, illetve szem\u00e9lyes adatainak m\u00e1solat\u00e1hoz, az adatai akt\u00edv feldolgoz\u00e1s\u00e1nak korl\u00e1toz\u00e1s\u00e1hoz vagy tiltakoz\u00e1s\u00e1hoz, k\u00e9rheti, hogy szem\u00e9lyes adatait megosszuk (portoljuk) egy m\u00e1sik szervezetnek, visszavonhatja az adatai feldolgoz\u00e1s\u00e1hoz adott hozz\u00e1j\u00e1rul\u00e1s\u00e1t, joga van panaszt tenni egy t\u00f6rv\u00e9nyes hat\u00f3s\u00e1gn\u00e1l, valamint az alkalmazand\u00f3 jogszab\u00e1lyok szerint relev\u00e1ns egy\u00e9b jogai lehetnek. E jogok gyakorl\u00e1s\u00e1hoz \u00edrjon nek\u00fcnk a pr@inulinu.com c\u00edmre. K\u00e9r\u00e9s\u00e9re az alkalmazand\u00f3 jogszab\u00e1lyoknak megfelel\u0151en fogunk v\u00e1laszolni. <br \/>Felh\u00edvjuk figyelm\u00e9t, hogy amennyiben nem enged\u00e9lyezi sz\u00e1munkra a k\u00e9rt szem\u00e9lyes adatok gy\u0171jt\u00e9s\u00e9t vagy feldolgoz\u00e1s\u00e1t, vagy visszavonja a hozz\u00e1j\u00e1rul\u00e1s\u00e1t azok el\u0151\u00edrt c\u00e9l\u00fa feldolgoz\u00e1s\u00e1hoz, el\u0151fordulhat, hogy nem f\u00e9rhet hozz\u00e1 azokhoz a szolg\u00e1ltat\u00e1sokhoz, amelyekhez az \u00d6n adatait k\u00e9rt\u00fck, illetve nem haszn\u00e1lhatja azokat.<\/p><p>S\u00fctik stb. <br \/>Ha t\u00f6bbet szeretne megtudni arr\u00f3l, hogyan haszn\u00e1ljuk ezeket, \u00e9s milyen v\u00e1laszt\u00e1si lehet\u0151s\u00e9gei vannak ezekkel a nyomk\u00f6vet\u0151 technol\u00f3gi\u00e1kkal kapcsolatban, k\u00e9rj\u00fck, olvassa el a Cookie-szab\u00e1lyzatunkat.<\/p><p>Biztons\u00e1g: <br \/>Az \u00d6n adatainak biztons\u00e1ga fontos sz\u00e1munkra, \u00e9s \u00e9sszer\u0171 biztons\u00e1gi int\u00e9zked\u00e9seket alkalmazunk annak \u00e9rdek\u00e9ben, hogy megakad\u00e1lyozzuk az ellen\u0151rz\u00e9s\u00fcnk alatt \u00e1ll\u00f3 adatainak elveszt\u00e9s\u00e9t, vissza\u00e9l\u00e9s\u00e9t vagy jogosulatlan megv\u00e1ltoztat\u00e1s\u00e1t. A velej\u00e1r\u00f3 kock\u00e1zatok miatt azonban nem tudjuk garant\u00e1lni az abszol\u00fat biztons\u00e1got, \u00e9s k\u00f6vetkez\u00e9sk\u00e9ppen nem tudjuk biztos\u00edtani vagy garant\u00e1lni a nek\u00fcnk tov\u00e1bb\u00edtott inform\u00e1ci\u00f3k biztons\u00e1g\u00e1t, \u00e9s \u00d6n ezt saj\u00e1t felel\u0151ss\u00e9g\u00e9re teszi.<\/p><p>Panaszok \/ adatv\u00e9delmi tisztvisel\u0151: <br \/>Ha b\u00e1rmilyen k\u00e9rd\u00e9se vagy agg\u00e1lya van a n\u00e1lunk rendelkez\u00e9sre \u00e1ll\u00f3 adatainak kezel\u00e9s\u00e9vel kapcsolatban, akkor a panaszkezel\u0151nknek k\u00fcldhet e-mailt az INULINU Kft. c\u00edm\u00e9re: INULINU Kft., Kisk\u0151r\u00f6s, Szendrey J\u00falia u. 3\/1., e-mail: pr@inulinu.com. Agg\u00e1lyait a vonatkoz\u00f3 jogszab\u00e1lyoknak megfelel\u0151en fogjuk kezelni.<\/p><p>CookieYes seg\u00edts\u00e9g\u00e9vel gener\u00e1lt adatv\u00e9delmi ir\u00e1nyelvek.<\/p>\t\t\t\t\t\t\t\t<\/div>\n\t\t\t\t<\/div>\n\t\t\t\t\t<\/div>\n\t\t\t\t<\/div>\n\t\t\t\t<\/div>","protected":false},"excerpt":{"rendered":"<p>Adatv\u00e9delmi t\u00e1j\u00e9koztat\u00f3 Adatv\u00e9delmi ir\u00e1nyelvek Utols\u00f3 friss\u00edt\u00e9s: 28-Jun-2023 Hat\u00e1lyos d\u00e1tum 28-Jun-2023 Jelen Adatv\u00e9delmi szab\u00e1lyzat az INULINU Kft., Kisk\u0151r\u00f6s, Szendrey J\u00falia u. 3\/1., Budapest 6200, Magyarorsz\u00e1g, e-mail: pr@inulinu.com, telefon: +3678513925 az \u00d6n weboldalunk ( https:\/\/inulinu.com\/ ) haszn\u00e1lata sor\u00e1n gy\u0171jt\u00f6tt adatainak gy\u0171jt\u00e9s\u00e9re, felhaszn\u00e1l\u00e1s\u00e1ra \u00e9s k\u00f6zz\u00e9t\u00e9tel\u00e9re vonatkoz\u00f3an. (a &#8222;Szolg\u00e1ltat\u00e1s&#8221;). A Szolg\u00e1ltat\u00e1shoz val\u00f3 hozz\u00e1f\u00e9r\u00e9ssel vagy annak haszn\u00e1lat\u00e1val \u00d6n beleegyez\u00e9s\u00e9t adja [&hellip;]<\/p>\n","protected":false},"author":1,"featured_media":0,"parent":0,"menu_order":0,"comment_status":"closed","ping_status":"open","template":"","meta":{"footnotes":""},"class_list":["post-3","page","type-page","status-publish","hentry"],"_links":{"self":[{"href":"https:\/\/inulinu.com\/en\/wp-json\/wp\/v2\/pages\/3","targetHints":{"allow":["GET"]}}],"collection":[{"href":"https:\/\/inulinu.com\/en\/wp-json\/wp\/v2\/pages"}],"about":[{"href":"https:\/\/inulinu.com\/en\/wp-json\/wp\/v2\/types\/page"}],"author":[{"embeddable":true,"href":"https:\/\/inulinu.com\/en\/wp-json\/wp\/v2\/users\/1"}],"replies":[{"embeddable":true,"href":"https:\/\/inulinu.com\/en\/wp-json\/wp\/v2\/comments?post=3"}],"version-history":[{"count":8,"href":"https:\/\/inulinu.com\/en\/wp-json\/wp\/v2\/pages\/3\/revisions"}],"predecessor-version":[{"id":1287,"href":"https:\/\/inulinu.com\/en\/wp-json\/wp\/v2\/pages\/3\/revisions\/1287"}],"wp:attachment":[{"href":"https:\/\/inulinu.com\/en\/wp-json\/wp\/v2\/media?parent=3"}],"curies":[{"name":"wp","href":"https:\/\/api.w.org\/{rel}","templated":true}]}}